

{"id":84,"date":"2022-05-05T02:20:00","date_gmt":"2022-05-05T02:20:00","guid":{"rendered":"https:\/\/demo.flawlessthemes.com\/lawyerfirm\/?page_id=6"},"modified":"2024-03-06T18:52:45","modified_gmt":"2024-03-06T17:52:45","slug":"home","status":"publish","type":"page","link":"https:\/\/euroschengen.org\/","title":{"rendered":"Home"},"content":{"rendered":"\t\t<div data-elementor-type=\"wp-page\" data-elementor-id=\"84\" class=\"elementor elementor-84\">\n\t\t\t\t\t\t<section class=\"elementor-section elementor-top-section elementor-element elementor-element-531f3065 elementor-section-height-min-height elementor-section-items-stretch elementor-section-content-middle elementor-section-boxed elementor-section-height-default elementor-invisible\" data-id=\"531f3065\" data-element_type=\"section\" id=\"banner-section\" data-settings=\"{&quot;background_background&quot;:&quot;classic&quot;,&quot;animation&quot;:&quot;fadeIn&quot;}\">\n\t\t\t\t\t\t\t<div class=\"elementor-background-overlay\"><\/div>\n\t\t\t\t\t\t\t<div class=\"elementor-container elementor-column-gap-default\">\n\t\t\t\t\t<div class=\"elementor-column elementor-col-50 elementor-top-column elementor-element elementor-element-2a1b17e8\" data-id=\"2a1b17e8\" data-element_type=\"column\">\n\t\t\t<div class=\"elementor-widget-wrap elementor-element-populated\">\n\t\t\t\t\t\t<div class=\"elementor-element elementor-element-5f159d0d elementor-invisible elementor-widget elementor-widget-text-editor\" data-id=\"5f159d0d\" data-element_type=\"widget\" data-settings=\"{&quot;_animation&quot;:&quot;fadeInLeft&quot;,&quot;_animation_delay&quot;:500}\" data-widget_type=\"text-editor.default\">\n\t\t\t\t<div class=\"elementor-widget-container\">\n\t\t\t\t\t\t\t\t\t<p>Legal, Fiscal, Corporativa y Procesal<\/p>\t\t\t\t\t\t\t\t<\/div>\n\t\t\t\t<\/div>\n\t\t\t\t<div class=\"elementor-element elementor-element-88e14b0 elementor-widget elementor-widget-image\" data-id=\"88e14b0\" data-element_type=\"widget\" data-widget_type=\"image.default\">\n\t\t\t\t<div class=\"elementor-widget-container\">\n\t\t\t\t\t\t\t\t\t\t\t\t\t\t\t<img fetchpriority=\"high\" decoding=\"async\" width=\"300\" height=\"300\" src=\"https:\/\/euroschengen.org\/wp-content\/uploads\/2024\/03\/LOGO_EUROSCH-300x300.png\" class=\"attachment-medium size-medium wp-image-255\" alt=\"\" srcset=\"https:\/\/euroschengen.org\/wp-content\/uploads\/2024\/03\/LOGO_EUROSCH-300x300.png 300w, https:\/\/euroschengen.org\/wp-content\/uploads\/2024\/03\/LOGO_EUROSCH-1024x1024.png 1024w, https:\/\/euroschengen.org\/wp-content\/uploads\/2024\/03\/LOGO_EUROSCH-150x150.png 150w, https:\/\/euroschengen.org\/wp-content\/uploads\/2024\/03\/LOGO_EUROSCH-768x768.png 768w, https:\/\/euroschengen.org\/wp-content\/uploads\/2024\/03\/LOGO_EUROSCH-1536x1536.png 1536w, https:\/\/euroschengen.org\/wp-content\/uploads\/2024\/03\/LOGO_EUROSCH-2048x2048.png 2048w\" sizes=\"(max-width: 300px) 100vw, 300px\" \/>\t\t\t\t\t\t\t\t\t\t\t\t\t\t\t<\/div>\n\t\t\t\t<\/div>\n\t\t\t\t\t<\/div>\n\t\t<\/div>\n\t\t\t\t<div class=\"elementor-column elementor-col-50 elementor-top-column elementor-element elementor-element-5991fca8\" data-id=\"5991fca8\" data-element_type=\"column\">\n\t\t\t<div class=\"elementor-widget-wrap\">\n\t\t\t\t\t\t\t<\/div>\n\t\t<\/div>\n\t\t\t\t\t<\/div>\n\t\t<\/section>\n\t\t\t\t<section class=\"elementor-section elementor-top-section elementor-element elementor-element-3479fce8 elementor-section-content-middle about-sec elementor-section-boxed elementor-section-height-default elementor-section-height-default\" data-id=\"3479fce8\" data-element_type=\"section\" data-settings=\"{&quot;background_background&quot;:&quot;classic&quot;}\">\n\t\t\t\t\t\t\t<div class=\"elementor-background-overlay\"><\/div>\n\t\t\t\t\t\t\t<div class=\"elementor-container elementor-column-gap-default\">\n\t\t\t\t\t<div class=\"elementor-column elementor-col-50 elementor-top-column elementor-element elementor-element-3d9c4dc8 elementor-invisible\" data-id=\"3d9c4dc8\" data-element_type=\"column\" data-settings=\"{&quot;animation&quot;:&quot;fadeInLeft&quot;}\">\n\t\t\t<div class=\"elementor-widget-wrap elementor-element-populated\">\n\t\t\t\t\t\t<div class=\"elementor-element elementor-element-17372003 elementor-widget elementor-widget-image\" data-id=\"17372003\" data-element_type=\"widget\" data-widget_type=\"image.default\">\n\t\t\t\t<div class=\"elementor-widget-container\">\n\t\t\t\t\t\t\t\t\t\t\t\t\t\t\t<img decoding=\"async\" src=\"https:\/\/euroschengen.org\/wp-content\/uploads\/elementor\/thumbs\/lawyers-in-suits-working-together-on-project-at-workplace-with-gavel-and-laptop-in-office-qkkmannr533ebmi2akctgdmdzx5oyibnq2hnnhdbgk.jpeg\" title=\"lawyers-in-suits-working-together-on-project-at-workplace-with-gavel-and-laptop-in-office\" alt=\"lawyers-in-suits-working-together-on-project-at-workplace-with-gavel-and-laptop-in-office\" loading=\"lazy\" \/>\t\t\t\t\t\t\t\t\t\t\t\t\t\t\t<\/div>\n\t\t\t\t<\/div>\n\t\t\t\t\t<\/div>\n\t\t<\/div>\n\t\t\t\t<div class=\"elementor-column elementor-col-50 elementor-top-column elementor-element elementor-element-7d768b6c elementor-invisible\" data-id=\"7d768b6c\" data-element_type=\"column\" data-settings=\"{&quot;animation&quot;:&quot;fadeInRight&quot;}\">\n\t\t\t<div class=\"elementor-widget-wrap elementor-element-populated\">\n\t\t\t\t\t\t<div class=\"elementor-element elementor-element-158542bf elementor-widget elementor-widget-heading\" data-id=\"158542bf\" data-element_type=\"widget\" data-widget_type=\"heading.default\">\n\t\t\t\t<div class=\"elementor-widget-container\">\n\t\t\t\t\t<p class=\"elementor-heading-title elementor-size-default\">Nuestra Firma<br><div><div><div><div><article><div><div><div><div><div><div><div><div><h2><\/h2><h2><\/h2><\/div><\/div><\/div><\/div><\/div><\/div><\/div><\/div><\/article><\/div><\/div><\/div><\/div><\/p>\t\t\t\t<\/div>\n\t\t\t\t<\/div>\n\t\t\t\t<div class=\"elementor-element elementor-element-70955a1 section-title elementor-widget elementor-widget-heading\" data-id=\"70955a1\" data-element_type=\"widget\" data-widget_type=\"heading.default\">\n\t\t\t\t<div class=\"elementor-widget-container\">\n\t\t\t\t\t<h2 class=\"elementor-heading-title elementor-size-default\">CONSULTORIA LEGAL<\/h2>\t\t\t\t<\/div>\n\t\t\t\t<\/div>\n\t\t\t\t<div class=\"elementor-element elementor-element-2de2203f elementor-widget elementor-widget-text-editor\" data-id=\"2de2203f\" data-element_type=\"widget\" data-widget_type=\"text-editor.default\">\n\t\t\t\t<div class=\"elementor-widget-container\">\n\t\t\t\t\t\t\t\t\t<p>Es una firma de abogac\u00eda y notariado, que nace para atender en forma eficaz y \u00e1gil, todos y cada uno de los servicios legales y corporativos, de nuestros clientes. Su objetivo primordial es atender en forma completa y efectiva las necesidades legales de sus clientes.<\/p>\t\t\t\t\t\t\t\t<\/div>\n\t\t\t\t<\/div>\n\t\t\t\t\t<\/div>\n\t\t<\/div>\n\t\t\t\t\t<\/div>\n\t\t<\/section>\n\t\t\t\t<section class=\"elementor-section elementor-top-section elementor-element elementor-element-53913e7 elementor-section-boxed elementor-section-height-default elementor-section-height-default\" data-id=\"53913e7\" data-element_type=\"section\" data-settings=\"{&quot;background_background&quot;:&quot;classic&quot;}\">\n\t\t\t\t\t\t<div class=\"elementor-container elementor-column-gap-default\">\n\t\t\t\t\t<div class=\"elementor-column elementor-col-100 elementor-top-column elementor-element elementor-element-853fa39\" data-id=\"853fa39\" data-element_type=\"column\">\n\t\t\t<div class=\"elementor-widget-wrap elementor-element-populated\">\n\t\t\t\t\t\t<div class=\"elementor-element elementor-element-df8081c section-title elementor-widget elementor-widget-heading\" data-id=\"df8081c\" data-element_type=\"widget\" data-widget_type=\"heading.default\">\n\t\t\t\t<div class=\"elementor-widget-container\">\n\t\t\t\t\t<h2 class=\"elementor-heading-title elementor-size-default\">Areas<\/h2>\t\t\t\t<\/div>\n\t\t\t\t<\/div>\n\t\t\t\t<div class=\"elementor-element elementor-element-d6eb5be elementor-widget elementor-widget-text-editor\" data-id=\"d6eb5be\" data-element_type=\"widget\" data-widget_type=\"text-editor.default\">\n\t\t\t\t<div class=\"elementor-widget-container\">\n\t\t\t\t\t\t\t\t\t<p>Nuestra especializaci\u00f3n y conocimiento en el \u00e1rea de cobranzas, nos ha llevado a desarrollar diferentes l\u00edneas de negocio, que nos permite dar una soluci\u00f3n integral a los problemas de las Entidades Financieras.<\/p>\t\t\t\t\t\t\t\t<\/div>\n\t\t\t\t<\/div>\n\t\t\t\t\t<\/div>\n\t\t<\/div>\n\t\t\t\t\t<\/div>\n\t\t<\/section>\n\t\t<div class=\"elementor-element elementor-element-e9d9608 e-flex e-con-boxed e-con e-parent\" data-id=\"e9d9608\" data-element_type=\"container\" id=\"Servicios\">\n\t\t\t\t\t<div class=\"e-con-inner\">\n\t\t<div class=\"elementor-element elementor-element-ecbdd6c e-con-full e-flex e-con e-child\" data-id=\"ecbdd6c\" data-element_type=\"container\">\n\t\t\t\t<div class=\"elementor-element elementor-element-d009c90 elementor-widget elementor-widget-image\" data-id=\"d009c90\" data-element_type=\"widget\" data-widget_type=\"image.default\">\n\t\t\t\t<div class=\"elementor-widget-container\">\n\t\t\t\t\t\t\t\t\t\t\t\t\t\t\t<img decoding=\"async\" width=\"640\" height=\"427\" src=\"https:\/\/euroschengen.org\/wp-content\/uploads\/2022\/05\/rawpixel-633841-unsplash-copyright-1024x683.jpg\" class=\"attachment-large size-large wp-image-24\" alt=\"\" srcset=\"https:\/\/euroschengen.org\/wp-content\/uploads\/2022\/05\/rawpixel-633841-unsplash-copyright-1024x683.jpg 1024w, https:\/\/euroschengen.org\/wp-content\/uploads\/2022\/05\/rawpixel-633841-unsplash-copyright-300x200.jpg 300w, https:\/\/euroschengen.org\/wp-content\/uploads\/2022\/05\/rawpixel-633841-unsplash-copyright-768x512.jpg 768w, https:\/\/euroschengen.org\/wp-content\/uploads\/2022\/05\/rawpixel-633841-unsplash-copyright-1536x1024.jpg 1536w, https:\/\/euroschengen.org\/wp-content\/uploads\/2022\/05\/rawpixel-633841-unsplash-copyright-600x400.jpg 600w, https:\/\/euroschengen.org\/wp-content\/uploads\/2022\/05\/rawpixel-633841-unsplash-copyright.jpg 1920w\" sizes=\"(max-width: 640px) 100vw, 640px\" \/>\t\t\t\t\t\t\t\t\t\t\t\t\t\t\t<\/div>\n\t\t\t\t<\/div>\n\t\t\t\t<\/div>\n\t\t<div class=\"elementor-element elementor-element-c443e13 e-con-full e-flex e-con e-child\" data-id=\"c443e13\" data-element_type=\"container\">\n\t\t<div class=\"elementor-element elementor-element-fa1579f e-flex e-con-boxed e-con e-child\" data-id=\"fa1579f\" data-element_type=\"container\">\n\t\t\t\t\t<div class=\"e-con-inner\">\n\t\t\t\t<div class=\"elementor-element elementor-element-b3a3337 elementor-widget elementor-widget-heading\" data-id=\"b3a3337\" data-element_type=\"widget\" data-widget_type=\"heading.default\">\n\t\t\t\t<div class=\"elementor-widget-container\">\n\t\t\t\t\t<h2 class=\"elementor-heading-title elementor-size-default\">\nGESTI\u00d3N DE COBRANZA:<\/h2>\t\t\t\t<\/div>\n\t\t\t\t<\/div>\n\t\t\t\t\t<\/div>\n\t\t\t\t<\/div>\n\t\t<div class=\"elementor-element elementor-element-93fb2f7 e-flex e-con-boxed e-con e-child\" data-id=\"93fb2f7\" data-element_type=\"container\">\n\t\t\t\t\t<div class=\"e-con-inner\">\n\t\t\t\t<div class=\"elementor-element elementor-element-d45edd6 elementor-widget elementor-widget-text-editor\" data-id=\"d45edd6\" data-element_type=\"widget\" data-widget_type=\"text-editor.default\">\n\t\t\t\t<div class=\"elementor-widget-container\">\n\t\t\t\t\t\t\t\t\t<ul><li>Gesti\u00f3n multicanal de cobranza especializada por tramos de\u00a0 mora y producto (SMS, IVR, Correo Electr\u00f3nico, Telef\u00f3nica y Terreno).<\/li><li>Gesti\u00f3n de cobranza de campo, con apoyo de tecnolog\u00edas de georreferenciaci\u00f3n incluye notificaciones judiciales y extrajudiciales.<\/li><li>Auditoria de la gesti\u00f3n de cobranza legal, a trav\u00e9s de sistemas propios.<\/li><li>Asesor\u00eda integral para la gesti\u00f3n de cobranza.<\/li><\/ul>\t\t\t\t\t\t\t\t<\/div>\n\t\t\t\t<\/div>\n\t\t\t\t<div class=\"elementor-element elementor-element-312931e elementor-widget elementor-widget-heading\" data-id=\"312931e\" data-element_type=\"widget\" data-widget_type=\"heading.default\">\n\t\t\t\t<div class=\"elementor-widget-container\">\n\t\t\t\t\t<h2 class=\"elementor-heading-title elementor-size-default\">VERIFICACI\u00d3N Y UBICACI\u00d3N:<\/h2>\t\t\t\t<\/div>\n\t\t\t\t<\/div>\n\t\t\t\t<div class=\"elementor-element elementor-element-b51db0e elementor-widget elementor-widget-text-editor\" data-id=\"b51db0e\" data-element_type=\"widget\" data-widget_type=\"text-editor.default\">\n\t\t\t\t<div class=\"elementor-widget-container\">\n\t\t\t\t\t\t\t\t\t<ul><li>Verificaci\u00f3n de Cr\u00e9dito.<\/li><li>Gesti\u00f3n para clientes no ubicados.<\/li><li>Elaboraci\u00f3n de formato para citaci\u00f3n judicial, a trav\u00e9s de Correos del Ecuador.<\/li><\/ul>\t\t\t\t\t\t\t\t<\/div>\n\t\t\t\t<\/div>\n\t\t\t\t\t<\/div>\n\t\t\t\t<\/div>\n\t\t\t\t<\/div>\n\t\t\t\t\t<\/div>\n\t\t\t\t<\/div>\n\t\t<div class=\"elementor-element elementor-element-8e127c8 e-flex e-con-boxed e-con e-parent\" data-id=\"8e127c8\" data-element_type=\"container\">\n\t\t\t\t\t<div class=\"e-con-inner\">\n\t\t\t\t<div class=\"elementor-element elementor-element-60b5827 elementor-widget elementor-widget-spacer\" data-id=\"60b5827\" data-element_type=\"widget\" data-widget_type=\"spacer.default\">\n\t\t\t\t<div class=\"elementor-widget-container\">\n\t\t\t\t\t\t\t<div class=\"elementor-spacer\">\n\t\t\t<div class=\"elementor-spacer-inner\"><\/div>\n\t\t<\/div>\n\t\t\t\t\t\t<\/div>\n\t\t\t\t<\/div>\n\t\t\t\t\t<\/div>\n\t\t\t\t<\/div>\n\t\t<div class=\"elementor-element elementor-element-8ef6b5b e-flex e-con-boxed e-con e-parent\" data-id=\"8ef6b5b\" data-element_type=\"container\">\n\t\t\t\t\t<div class=\"e-con-inner\">\n\t\t<div class=\"elementor-element elementor-element-700248a e-con-full e-flex e-con e-child\" data-id=\"700248a\" data-element_type=\"container\">\n\t\t\t\t<div class=\"elementor-element elementor-element-d931a52 elementor-widget elementor-widget-heading\" data-id=\"d931a52\" data-element_type=\"widget\" data-widget_type=\"heading.default\">\n\t\t\t\t<div class=\"elementor-widget-container\">\n\t\t\t\t\t<h2 class=\"elementor-heading-title elementor-size-default\">Valoraci\u00f3n y compra de cartera<\/h2>\t\t\t\t<\/div>\n\t\t\t\t<\/div>\n\t\t\t\t<div class=\"elementor-element elementor-element-7094bc2 elementor-widget elementor-widget-text-editor\" data-id=\"7094bc2\" data-element_type=\"widget\" data-widget_type=\"text-editor.default\">\n\t\t\t\t<div class=\"elementor-widget-container\">\n\t\t\t\t\t\t\t\t\t<ul><li>SICCEC compra directamente carteras vencidas y castigadas disponibles para la venta, \u00fanicamente de Entidades Financieras.<\/li><li>Beneficio para la Entidad:<\/li><\/ul><p>\u00a0\u2013 La venta de cartera ayuda a mejorar el PYG de la entidad.<\/p><p>\u2013 Incremento de liquidez.<\/p><p>\u2013 Reducci\u00f3n de costos administrativos y operativos.<\/p><p>\u2013 Mejora de \u00edndices financieros.<\/p><p>\u2013 Reducci\u00f3n de provisiones.<\/p>\t\t\t\t\t\t\t\t<\/div>\n\t\t\t\t<\/div>\n\t\t\t\t<\/div>\n\t\t<div class=\"elementor-element elementor-element-bf64ad5 e-con-full e-flex e-con e-child\" data-id=\"bf64ad5\" data-element_type=\"container\">\n\t\t\t\t<div class=\"elementor-element elementor-element-68a05e0 elementor-widget elementor-widget-image\" data-id=\"68a05e0\" data-element_type=\"widget\" data-widget_type=\"image.default\">\n\t\t\t\t<div class=\"elementor-widget-container\">\n\t\t\t\t\t\t\t\t\t\t\t\t\t\t\t<img decoding=\"async\" width=\"640\" height=\"463\" src=\"https:\/\/euroschengen.org\/wp-content\/uploads\/2022\/05\/rawpixel-558596-unsplash-copyright-min-1024x740.jpg\" class=\"attachment-large size-large wp-image-65\" alt=\"\" srcset=\"https:\/\/euroschengen.org\/wp-content\/uploads\/2022\/05\/rawpixel-558596-unsplash-copyright-min-1024x740.jpg 1024w, https:\/\/euroschengen.org\/wp-content\/uploads\/2022\/05\/rawpixel-558596-unsplash-copyright-min-300x217.jpg 300w, https:\/\/euroschengen.org\/wp-content\/uploads\/2022\/05\/rawpixel-558596-unsplash-copyright-min-768x555.jpg 768w, https:\/\/euroschengen.org\/wp-content\/uploads\/2022\/05\/rawpixel-558596-unsplash-copyright-min-1536x1110.jpg 1536w, https:\/\/euroschengen.org\/wp-content\/uploads\/2022\/05\/rawpixel-558596-unsplash-copyright-min.jpg 1920w\" sizes=\"(max-width: 640px) 100vw, 640px\" \/>\t\t\t\t\t\t\t\t\t\t\t\t\t\t\t<\/div>\n\t\t\t\t<\/div>\n\t\t\t\t<\/div>\n\t\t\t\t\t<\/div>\n\t\t\t\t<\/div>\n\t\t<div class=\"elementor-element elementor-element-7747a92 e-flex e-con-boxed e-con e-parent\" data-id=\"7747a92\" data-element_type=\"container\">\n\t\t\t\t\t<div class=\"e-con-inner\">\n\t\t\t\t<div class=\"elementor-element elementor-element-e20d5d3 elementor-widget elementor-widget-spacer\" data-id=\"e20d5d3\" data-element_type=\"widget\" data-widget_type=\"spacer.default\">\n\t\t\t\t<div class=\"elementor-widget-container\">\n\t\t\t\t\t\t\t<div class=\"elementor-spacer\">\n\t\t\t<div class=\"elementor-spacer-inner\"><\/div>\n\t\t<\/div>\n\t\t\t\t\t\t<\/div>\n\t\t\t\t<\/div>\n\t\t\t\t\t<\/div>\n\t\t\t\t<\/div>\n\t\t<div class=\"elementor-element elementor-element-9162628 e-flex e-con-boxed e-con e-parent\" data-id=\"9162628\" data-element_type=\"container\">\n\t\t\t\t\t<div class=\"e-con-inner\">\n\t\t<div class=\"elementor-element elementor-element-bba1d03 e-con-full e-flex e-con e-child\" data-id=\"bba1d03\" data-element_type=\"container\">\n\t\t\t\t<div class=\"elementor-element elementor-element-f851de1 elementor-widget elementor-widget-image\" data-id=\"f851de1\" data-element_type=\"widget\" data-widget_type=\"image.default\">\n\t\t\t\t<div class=\"elementor-widget-container\">\n\t\t\t\t\t\t\t\t\t\t\t\t\t\t\t<img loading=\"lazy\" decoding=\"async\" width=\"1536\" height=\"1024\" src=\"https:\/\/euroschengen.org\/wp-content\/uploads\/2022\/05\/rawpixel-649905-unsplash-min-copyright-1536x1024.jpg\" class=\"attachment-1536x1536 size-1536x1536 wp-image-15\" alt=\"\" srcset=\"https:\/\/euroschengen.org\/wp-content\/uploads\/2022\/05\/rawpixel-649905-unsplash-min-copyright-1536x1024.jpg 1536w, https:\/\/euroschengen.org\/wp-content\/uploads\/2022\/05\/rawpixel-649905-unsplash-min-copyright-300x200.jpg 300w, https:\/\/euroschengen.org\/wp-content\/uploads\/2022\/05\/rawpixel-649905-unsplash-min-copyright-1024x683.jpg 1024w, https:\/\/euroschengen.org\/wp-content\/uploads\/2022\/05\/rawpixel-649905-unsplash-min-copyright-768x512.jpg 768w, https:\/\/euroschengen.org\/wp-content\/uploads\/2022\/05\/rawpixel-649905-unsplash-min-copyright-600x400.jpg 600w, https:\/\/euroschengen.org\/wp-content\/uploads\/2022\/05\/rawpixel-649905-unsplash-min-copyright.jpg 1920w\" sizes=\"(max-width: 1536px) 100vw, 1536px\" \/>\t\t\t\t\t\t\t\t\t\t\t\t\t\t\t<\/div>\n\t\t\t\t<\/div>\n\t\t\t\t<\/div>\n\t\t<div class=\"elementor-element elementor-element-6bbad77 e-con-full e-flex e-con e-child\" data-id=\"6bbad77\" data-element_type=\"container\">\n\t\t\t\t<div class=\"elementor-element elementor-element-37616b5 elementor-widget elementor-widget-heading\" data-id=\"37616b5\" data-element_type=\"widget\" data-widget_type=\"heading.default\">\n\t\t\t\t<div class=\"elementor-widget-container\">\n\t\t\t\t\t<h2 class=\"elementor-heading-title elementor-size-default\">Tecnolog\u00eda de Cobranzas<\/h2>\t\t\t\t<\/div>\n\t\t\t\t<\/div>\n\t\t\t\t<div class=\"elementor-element elementor-element-e71c692 elementor-widget elementor-widget-heading\" data-id=\"e71c692\" data-element_type=\"widget\" data-widget_type=\"heading.default\">\n\t\t\t\t<div class=\"elementor-widget-container\">\n\t\t\t\t\t<h2 class=\"elementor-heading-title elementor-size-default\">RECBLUE \u2013 SOFTWARE DE COBRANZAS<\/h2>\t\t\t\t<\/div>\n\t\t\t\t<\/div>\n\t\t\t\t<div class=\"elementor-element elementor-element-d6a327b elementor-widget elementor-widget-text-editor\" data-id=\"d6a327b\" data-element_type=\"widget\" data-widget_type=\"text-editor.default\">\n\t\t\t\t<div class=\"elementor-widget-container\">\n\t\t\t\t\t\t\t\t\t<ul><li>RECBlue, software desarrollado sobre una arquitectura tecnol\u00f3gica y modular, que permite administrar y gestionar de manera integral el ciclo de cobranzas.<\/li><\/ul>\t\t\t\t\t\t\t\t<\/div>\n\t\t\t\t<\/div>\n\t\t\t\t<div class=\"elementor-element elementor-element-ac93810 elementor-widget elementor-widget-heading\" data-id=\"ac93810\" data-element_type=\"widget\" data-widget_type=\"heading.default\">\n\t\t\t\t<div class=\"elementor-widget-container\">\n\t\t\t\t\t<h2 class=\"elementor-heading-title elementor-size-default\">IMPLEMENTACI\u00d3N DE UNIDADES INTERNAS DE COBRANZAS<\/h2>\t\t\t\t<\/div>\n\t\t\t\t<\/div>\n\t\t\t\t<div class=\"elementor-element elementor-element-26f676b elementor-widget elementor-widget-text-editor\" data-id=\"26f676b\" data-element_type=\"widget\" data-widget_type=\"text-editor.default\">\n\t\t\t\t<div class=\"elementor-widget-container\">\n\t\t\t\t\t\t\t\t\t<ul><li>Unidad interna: Capacitaci\u00f3n y entrenamiento al personal, revisi\u00f3n de procesos y nuevas tecnolog\u00edas.<\/li><li>Externalizaci\u00f3n de la unidad de cobranzas en SICCEC, y ciertos ejecutivos del banco transaccionan en nuestro sistema.<\/li><li>Implementaci\u00f3n de una unidad externa de cobranzas que brinde un servicio exclusivo al grupo financiero.<\/li><\/ul>\t\t\t\t\t\t\t\t<\/div>\n\t\t\t\t<\/div>\n\t\t\t\t<\/div>\n\t\t\t\t\t<\/div>\n\t\t\t\t<\/div>\n\t\t\t\t<section class=\"elementor-section elementor-top-section elementor-element elementor-element-256d875b elementor-section-boxed elementor-section-height-default elementor-section-height-default\" data-id=\"256d875b\" data-element_type=\"section\" id=\"Contacto\" data-settings=\"{&quot;background_background&quot;:&quot;classic&quot;}\">\n\t\t\t\t\t\t\t<div class=\"elementor-background-overlay\"><\/div>\n\t\t\t\t\t\t\t<div class=\"elementor-container elementor-column-gap-default\">\n\t\t\t\t\t<div class=\"elementor-column elementor-col-100 elementor-top-column elementor-element elementor-element-77c31ec1\" data-id=\"77c31ec1\" data-element_type=\"column\">\n\t\t\t<div class=\"elementor-widget-wrap elementor-element-populated\">\n\t\t\t\t\t\t<div class=\"elementor-element elementor-element-29f682c section-title elementor-invisible elementor-widget elementor-widget-heading\" data-id=\"29f682c\" data-element_type=\"widget\" data-settings=\"{&quot;_animation&quot;:&quot;fadeInUp&quot;}\" data-widget_type=\"heading.default\">\n\t\t\t\t<div class=\"elementor-widget-container\">\n\t\t\t\t\t<h2 class=\"elementor-heading-title elementor-size-default\">Nosotros podemos ayudarte<\/h2>\t\t\t\t<\/div>\n\t\t\t\t<\/div>\n\t\t\t\t<div class=\"elementor-element elementor-element-151f5235 elementor-invisible elementor-widget elementor-widget-heading\" data-id=\"151f5235\" data-element_type=\"widget\" data-settings=\"{&quot;_animation&quot;:&quot;fadeInUp&quot;,&quot;_animation_delay&quot;:200}\" data-widget_type=\"heading.default\">\n\t\t\t\t<div class=\"elementor-widget-container\">\n\t\t\t\t\t<p class=\"elementor-heading-title elementor-size-default\">Si est\u00e1s en problemas<\/p>\t\t\t\t<\/div>\n\t\t\t\t<\/div>\n\t\t\t\t<div class=\"elementor-element elementor-element-5a1f419e elementor-invisible elementor-widget elementor-widget-text-editor\" data-id=\"5a1f419e\" data-element_type=\"widget\" data-settings=\"{&quot;_animation&quot;:&quot;fadeInUp&quot;,&quot;_animation_delay&quot;:400}\" data-widget_type=\"text-editor.default\">\n\t\t\t\t<div class=\"elementor-widget-container\">\n\t\t\t\t\t\t\t\t\t<p>Le ofrecemos el respaldo de un asesor\u00eda profesional y confiable en torno a los aspectos financieros, nuestro equipo eval\u00faa, dise\u00f1a y propone estrategias personalizadas que se adaptan a sus necesidades y oportunidades de su firma.<\/p>\t\t\t\t\t\t\t\t<\/div>\n\t\t\t\t<\/div>\n\t\t\t\t\t<\/div>\n\t\t<\/div>\n\t\t\t\t\t<\/div>\n\t\t<\/section>\n\t\t\t\t<\/div>\n\t\t","protected":false},"excerpt":{"rendered":"<p>Legal, Fiscal, Corporativa y Procesal Nuestra Firma CONSULTORIA LEGAL Es una firma de abogac\u00eda y notariado, que nace para atender en forma eficaz y \u00e1gil, todos y cada uno de los servicios legales y corporativos, de nuestros clientes. Su objetivo primordial es atender en forma completa y efectiva las necesidades legales de sus clientes. Areas [&hellip;]<\/p>\n","protected":false},"author":1,"featured_media":0,"parent":0,"menu_order":0,"comment_status":"closed","ping_status":"closed","template":"elementor_header_footer","meta":{"footnotes":""},"_links":{"self":[{"href":"https:\/\/euroschengen.org\/index.php\/wp-json\/wp\/v2\/pages\/84"}],"collection":[{"href":"https:\/\/euroschengen.org\/index.php\/wp-json\/wp\/v2\/pages"}],"about":[{"href":"https:\/\/euroschengen.org\/index.php\/wp-json\/wp\/v2\/types\/page"}],"author":[{"embeddable":true,"href":"https:\/\/euroschengen.org\/index.php\/wp-json\/wp\/v2\/users\/1"}],"replies":[{"embeddable":true,"href":"https:\/\/euroschengen.org\/index.php\/wp-json\/wp\/v2\/comments?post=84"}],"version-history":[{"count":19,"href":"https:\/\/euroschengen.org\/index.php\/wp-json\/wp\/v2\/pages\/84\/revisions"}],"predecessor-version":[{"id":296,"href":"https:\/\/euroschengen.org\/index.php\/wp-json\/wp\/v2\/pages\/84\/revisions\/296"}],"wp:attachment":[{"href":"https:\/\/euroschengen.org\/index.php\/wp-json\/wp\/v2\/media?parent=84"}],"curies":[{"name":"wp","href":"https:\/\/api.w.org\/{rel}","templated":true}]}}